{"id":61,"date":"2013-07-24T02:11:58","date_gmt":"2013-07-24T00:11:58","guid":{"rendered":"http:\/\/it-fieber.de\/wordpress\/?page_id=61"},"modified":"2026-04-21T09:08:28","modified_gmt":"2026-04-21T07:08:28","slug":"infos","status":"publish","type":"page","link":"http:\/\/sc-buervenich.de\/?page_id=61","title":{"rendered":"Infos"},"content":{"rendered":"<p>Unser Sportheim<\/p>\n<p>&#8211; Baubeginn im M\u00e4rz 1994<\/p>\n<p>&#8211; Grundsteinlegung Juni 1994<\/p>\n<p>&#8211; Rohbauabnahme Oktober 1994<\/p>\n<p>&#8211; Richtfest November 1994<\/p>\n<p>&#8211; Einweihung am 3. Oktober 1998<\/p>\n<p>&#8211; Fertigstellung aller Restarbeiten 1999<\/p>\n<p>Das Sportheim, welches in der Zust\u00e4ndigkeit der Fu\u00dfballabteilung liegt, wurde dabei fast ausschlie\u00dflich in Eigenleistung errichtet.<\/p>\n<p>Es dient allen Fussballmannschaften als Umkleide- und Duschm\u00f6glichkeit.<\/p>\n<p>Im gro\u00df angelegtem Gemeinschaftsraum werden w\u00e4hrend der Fu\u00dfballspiele die Zuschauer<\/p>\n<p>mit Kaffee, Kuchen und k\u00fchlen Getr\u00e4nken bestens versorgt.<\/p>\n<p>Unsere Alten Herren nutzen das Clubheim, um nach den Spielen mit dem Gegner in geselliger Runde das Spiel bei dem ein oder anderen Bierchen noch einmal zu analysieren.<\/p>\n<p>Eine Hobby-Dartsabteilung befindet sich derzeit in der Findungsphase und trifft sich regelm\u00e4\u00dfig dort.<\/p>\n<p>F\u00fcr alle B\u00fcrger besteht nat\u00fcrlich die M\u00f6glichkeit das Sportheim f\u00fcr private Zwecke anzumieten. Es gibt eigentlich kein Ereignis was bisher nicht m\u00f6glich gewesen ist dort zu Feiern, wie z.B. Hochzeiten, Geburtstage, Taufen, Umtrunke oder sogar Prinzenfr\u00fchst\u00fcck!<\/p>\n<p>Info\u00b4s und Buchungen werden derzeit von Uwe Nie\u00dfen koordiniert (siehe auch Bericht &#8222;Vermietung Sportheim&#8220;).<\/p>\n<p>Instandhaltungs- und Reinigungsarbeiten der \u00d6rtlichkeit f\u00fchren derzeit Michaela und Uwe Nie\u00dfen aus.<\/p>\n<p>Daf\u00fcr den Vieren f\u00fcr jahrelange Dienste f\u00fcr den SC B\u00fcrvenich vielen Dank!<\/p>\n<p>Lob und Dank verdienen vor allem unsere Partner, die zum Gelingen dieser Gemeinschaftsaktion beigetragen haben.<\/p>\n<p>Erw\u00e4hnt seien hier die vielen Firmen und Gesch\u00e4ftsleute aus der Umgebung, die mit Zusch\u00fcssen in namhafter H\u00f6he (Geld- und Sachspenden) aber auch durch tatkr\u00e4ftiges Anpacken den SCB beim Bau unterst\u00fctzten.<\/p>\n<p>Nicht in Worte zufassen ist auch der Dank, der all denen gilt, die ihre Freizeit Woche f\u00fcr Woche in die Fertigstellung &#8222;ihres&#8220; Vereinsheimes gesteckt haben und heute noch tun!<\/p>\n<p>Stellvertretend f\u00fcr all die vielen Helfer seien hier Bauleiter Hubert Stra\u00dffeld und Baukoordinator Hans-Peter Leisten genannt.<\/p>\n<p>Dabei packten auch Leute mit an, die keine Mitglieder des Sportverein waren, einfach nur um ein gro\u00dfes Projekt tatkr\u00e4ftig zu unterst\u00fctzen. Dies zeigt deutlich dass in der Ortsgemeinschaft B\u00fcrvenich\/Eppenich noch ein beispielhaftes Dorf- u Vereinsleben herrscht, was seines gleichen sucht! Vielen, vielen Dank!<\/p>\n<p>Hierzu noch ein paar Eckdaten:<\/p>\n<p>Die Grundsteinlegung f\u00fcr den Bau unseres Schmuckk\u00e4stchens erfolgte im Jahr 1994.<\/p>\n<p>Der SC B\u00fcrvenich und alle seine Helfer investierten dabei in fast vier Jahren ungef\u00e4hr 6.500 Arbeitsstunden in den Bau!<\/p>\n<p>So entstand ein Geb\u00e4ude in einem Gesamtwert von rd. 392.000,00 DM (rd. 250.000,00\u20ac).<\/p>\n<p>Dieser Betrag wurde wie folgt finanziert:<\/p>\n<p>&#8211; 140.000,00 DM aus Zusch\u00fcssen des Regierungspr\u00e4sidenten K\u00f6ln<\/p>\n<p>&#8211; 27.600,00 DM als zinsloses Darlehen des Landessportbundes<\/p>\n<p>&#8211; 58.000,00 DM aus Eigenmitteln<\/p>\n<p>&#8211; 25.000,00 DM aus Geldspenden stammen!<\/p>\n<p>&#8211; 40.000,00 DM Materialspenden.<\/p>\n<p>&#8211; Die erbrachte Arbeitsleistung erkannte der Regierungspr\u00e4sident mit 100.000,00 DM an.<\/p>\n<p>Quelle z.T. Festschrift 75 Jahrfeier Artikel von HP Leisten u S.Hamann<\/p>\n","protected":false},"excerpt":{"rendered":"<p>Unser Sportheim &#8211; Baubeginn im M\u00e4rz 1994 &#8211; Grundsteinlegung Juni 1994 &#8211; Rohbauabnahme Oktober 1994 &#8211; Richtfest November 1994 &#8211; Einweihung am 3. Oktober 1998 &#8211; Fertigstellung aller Restarbeiten 1999 &#8230;<\/p>\n","protected":false},"author":1,"featured_media":0,"parent":59,"menu_order":0,"comment_status":"open","ping_status":"open","template":"","meta":{"footnotes":""},"class_list":["post-61","page","type-page","status-publish","hentry"],"_links":{"self":[{"href":"http:\/\/sc-buervenich.de\/index.php?rest_route=\/wp\/v2\/pages\/61","targetHints":{"allow":["GET"]}}],"collection":[{"href":"http:\/\/sc-buervenich.de\/index.php?rest_route=\/wp\/v2\/pages"}],"about":[{"href":"http:\/\/sc-buervenich.de\/index.php?rest_route=\/wp\/v2\/types\/page"}],"author":[{"embeddable":true,"href":"http:\/\/sc-buervenich.de\/index.php?rest_route=\/wp\/v2\/users\/1"}],"replies":[{"embeddable":true,"href":"http:\/\/sc-buervenich.de\/index.php?rest_route=%2Fwp%2Fv2%2Fcomments&post=61"}],"version-history":[{"count":4,"href":"http:\/\/sc-buervenich.de\/index.php?rest_route=\/wp\/v2\/pages\/61\/revisions"}],"predecessor-version":[{"id":3577,"href":"http:\/\/sc-buervenich.de\/index.php?rest_route=\/wp\/v2\/pages\/61\/revisions\/3577"}],"up":[{"embeddable":true,"href":"http:\/\/sc-buervenich.de\/index.php?rest_route=\/wp\/v2\/pages\/59"}],"wp:attachment":[{"href":"http:\/\/sc-buervenich.de\/index.php?rest_route=%2Fwp%2Fv2%2Fmedia&parent=61"}],"curies":[{"name":"wp","href":"https:\/\/api.w.org\/{rel}","templated":true}]}}