{"id":65,"date":"2013-07-24T02:16:04","date_gmt":"2013-07-24T00:16:04","guid":{"rendered":"http:\/\/it-fieber.de\/wordpress\/?page_id=65"},"modified":"2026-04-21T09:09:55","modified_gmt":"2026-04-21T07:09:55","slug":"mieten","status":"publish","type":"page","link":"http:\/\/sc-buervenich.de\/?page_id=65","title":{"rendered":"Vermietung"},"content":{"rendered":"<p><b>Sie suchen eine geeignete \u00d6rtlichkeit f\u00fcr ihre Feier?<\/b><\/p>\n<p><b>Vielleicht ist unser Sportheim genau das was sie suchen!<\/b><\/p>\n<p>Hier einige Infos und Bilder der \u00d6rtlichkeit.<\/p>\n<p>Das Sportheim verf\u00fcgt \u00fcber eine Gro\u00dfe K\u00fcche, ausgestattet mit 2 Elektroherden, Sp\u00fclmaschine, mehrere Kaffeemaschinen.<\/p>\n<p>Im Gro\u00dfen Gemeinschaftsraum steht Mobiliar f\u00fcr ca. 50 Personen zur Verf\u00fcgung-<\/p>\n<p>Des Weiteren besteht die M\u00f6glichkeit die Terrasse und Au\u00dfenanlage sowie vorhandene Stehtische und Bierzeltgarnituren zu nutzen.<\/p>\n<p>In der angrenzende G\u00e4stekabine lassen\u00a0sich hervorragend die unterschiedlichsten Buffetarrangements anrichten und servieren.<\/p>\n<style type=\"text\/css\">\n#foogallery-gallery-3134 .fg-image { width: 250px; }\n#foogallery-gallery-3134 { --fg-gutter: 10px; }<\/style>\n\t\t\t<div class=\"foogallery foogallery-container foogallery-default foogallery-lightbox-foobox fg-center fg-default fg-ready fg-light fg-border-thin fg-shadow-outline fg-loading-default fg-loaded-fade-in fg-caption-hover fg-hover-fade fg-hover-zoom\" id=\"foogallery-gallery-3134\" data-foogallery=\"{&quot;item&quot;:{&quot;showCaptionTitle&quot;:true,&quot;showCaptionDescription&quot;:true},&quot;lazy&quot;:true}\" style=\"--fg-title-line-clamp: 0; --fg-description-line-clamp: 0;\" >\n\t<div class=\"fg-item fg-type-image fg-idle\"><figure class=\"fg-item-inner\"><a href=\"http:\/\/sc-buervenich.de\/wp-content\/uploads\/2013\/07\/platzg.jpg\" data-caption-title=\"Aussenansicht\" data-attachment-id=\"72\" data-type=\"image\" class=\"fg-thumb\"><span class=\"fg-image-wrap\"><img fetchpriority=\"high\" decoding=\"async\" title=\"Aussenansicht\" width=\"250\" height=\"250\" class=\"skip-lazy fg-image\" data-src-fg=\"http:\/\/sc-buervenich.de\/wp-content\/uploads\/cache\/2013\/07\/platzg\/2714235923.jpg\" src=\"data:image\/svg+xml,%3Csvg%20xmlns%3D%22http%3A%2F%2Fwww.w3.org%2F2000%2Fsvg%22%20width%3D%22250%22%20height%3D%22250%22%20viewBox%3D%220%200%20250%20250%22%3E%3C%2Fsvg%3E\" loading=\"eager\"><\/span><span class=\"fg-image-overlay\"><\/span><\/a><figcaption class=\"fg-caption\"><div class=\"fg-caption-inner\"><div class=\"fg-caption-title\">Aussenansicht<\/div><\/div><\/figcaption><\/figure><div class=\"fg-loader\"><\/div><\/div><div class=\"fg-item fg-type-image fg-idle\"><figure class=\"fg-item-inner\"><a href=\"http:\/\/sc-buervenich.de\/wp-content\/uploads\/2018\/02\/2019-09-28_163501-e1584567372607.jpg\" data-attachment-id=\"3565\" data-type=\"image\" class=\"fg-thumb\"><span class=\"fg-image-wrap\"><img decoding=\"async\" width=\"250\" height=\"250\" class=\"skip-lazy fg-image\" data-src-fg=\"http:\/\/sc-buervenich.de\/wp-content\/uploads\/cache\/2018\/02\/2019-09-28_163501-e1584567372607\/2574745839.jpg\" src=\"data:image\/svg+xml,%3Csvg%20xmlns%3D%22http%3A%2F%2Fwww.w3.org%2F2000%2Fsvg%22%20width%3D%22250%22%20height%3D%22250%22%20viewBox%3D%220%200%20250%20250%22%3E%3C%2Fsvg%3E\" loading=\"eager\"><\/span><span class=\"fg-image-overlay\"><\/span><\/a><\/figure><div class=\"fg-loader\"><\/div><\/div><div class=\"fg-item fg-type-image fg-idle\"><figure class=\"fg-item-inner\"><a href=\"http:\/\/sc-buervenich.de\/wp-content\/uploads\/2018\/02\/2019-09-28_163515-e1584567392354.jpg\" data-attachment-id=\"3564\" data-type=\"image\" class=\"fg-thumb\"><span class=\"fg-image-wrap\"><img decoding=\"async\" width=\"250\" height=\"250\" class=\"skip-lazy fg-image\" data-src-fg=\"http:\/\/sc-buervenich.de\/wp-content\/uploads\/cache\/2018\/02\/2019-09-28_163515-e1584567392354\/820155946.jpg\" src=\"data:image\/svg+xml,%3Csvg%20xmlns%3D%22http%3A%2F%2Fwww.w3.org%2F2000%2Fsvg%22%20width%3D%22250%22%20height%3D%22250%22%20viewBox%3D%220%200%20250%20250%22%3E%3C%2Fsvg%3E\" loading=\"eager\"><\/span><span class=\"fg-image-overlay\"><\/span><\/a><\/figure><div class=\"fg-loader\"><\/div><\/div><div class=\"fg-item fg-type-image fg-idle\"><figure class=\"fg-item-inner\"><a href=\"http:\/\/sc-buervenich.de\/wp-content\/uploads\/2013\/07\/DSC01430.jpg\" data-attachment-id=\"69\" data-type=\"image\" class=\"fg-thumb\"><span class=\"fg-image-wrap\"><img decoding=\"async\" width=\"250\" height=\"250\" class=\"skip-lazy fg-image\" data-src-fg=\"http:\/\/sc-buervenich.de\/wp-content\/uploads\/cache\/2013\/07\/DSC01430\/1565885891.jpg\" src=\"data:image\/svg+xml,%3Csvg%20xmlns%3D%22http%3A%2F%2Fwww.w3.org%2F2000%2Fsvg%22%20width%3D%22250%22%20height%3D%22250%22%20viewBox%3D%220%200%20250%20250%22%3E%3C%2Fsvg%3E\" loading=\"eager\"><\/span><span class=\"fg-image-overlay\"><\/span><\/a><\/figure><div class=\"fg-loader\"><\/div><\/div><div class=\"fg-item fg-type-image fg-idle\"><figure class=\"fg-item-inner\"><a href=\"http:\/\/sc-buervenich.de\/wp-content\/uploads\/2013\/07\/DSC01429.jpg\" data-attachment-id=\"68\" data-type=\"image\" class=\"fg-thumb\"><span class=\"fg-image-wrap\"><img decoding=\"async\" width=\"250\" height=\"250\" class=\"skip-lazy fg-image\" data-src-fg=\"http:\/\/sc-buervenich.de\/wp-content\/uploads\/cache\/2013\/07\/DSC01429\/4154186826.jpg\" src=\"data:image\/svg+xml,%3Csvg%20xmlns%3D%22http%3A%2F%2Fwww.w3.org%2F2000%2Fsvg%22%20width%3D%22250%22%20height%3D%22250%22%20viewBox%3D%220%200%20250%20250%22%3E%3C%2Fsvg%3E\" loading=\"eager\"><\/span><span class=\"fg-image-overlay\"><\/span><\/a><\/figure><div class=\"fg-loader\"><\/div><\/div><div class=\"fg-item fg-type-image fg-idle\"><figure class=\"fg-item-inner\"><a href=\"http:\/\/sc-buervenich.de\/wp-content\/uploads\/2013\/07\/DSC01428.jpg\" data-attachment-id=\"67\" data-type=\"image\" class=\"fg-thumb\"><span class=\"fg-image-wrap\"><img decoding=\"async\" width=\"250\" height=\"250\" class=\"skip-lazy fg-image\" data-src-fg=\"http:\/\/sc-buervenich.de\/wp-content\/uploads\/cache\/2013\/07\/DSC01428\/4138849342.jpg\" src=\"data:image\/svg+xml,%3Csvg%20xmlns%3D%22http%3A%2F%2Fwww.w3.org%2F2000%2Fsvg%22%20width%3D%22250%22%20height%3D%22250%22%20viewBox%3D%220%200%20250%20250%22%3E%3C%2Fsvg%3E\" loading=\"eager\"><\/span><span class=\"fg-image-overlay\"><\/span><\/a><\/figure><div class=\"fg-loader\"><\/div><\/div><\/div>\n\n<p><b><br \/>\nVielleicht haben wir ihr Interesse geweckt, falls das der fall ist, fragen kostet ja nichts:<\/b><\/p>\n<p>Uwe Niessen steht Ihnen f\u00fcr weitere Informationen gerne zur Verf\u00fcgung. Es besteht selbstverst\u00e4ndlich auch die M\u00f6glichkeit einer Vorabbesichtigung!<\/p>\n<p>Da die Preise aufgrund der unterschiedlichen Bed\u00fcrfnisse und Mietzeiten sehr variieren k\u00f6nnen, wird hier auf eine Aufstellung verzichtet.<\/p>\n<p><b>Uwe Niessen<\/b><\/p>\n<p><b>0163\/5562952<\/b><\/p>\n","protected":false},"excerpt":{"rendered":"<p>Sie suchen eine geeignete \u00d6rtlichkeit f\u00fcr ihre Feier? Vielleicht ist unser Sportheim genau das was sie suchen! Hier einige Infos und Bilder der \u00d6rtlichkeit. Das Sportheim verf\u00fcgt \u00fcber eine Gro\u00dfe &#8230;<\/p>\n","protected":false},"author":1,"featured_media":72,"parent":59,"menu_order":0,"comment_status":"closed","ping_status":"closed","template":"","meta":{"footnotes":""},"class_list":["post-65","page","type-page","status-publish","has-post-thumbnail","hentry"],"_links":{"self":[{"href":"http:\/\/sc-buervenich.de\/index.php?rest_route=\/wp\/v2\/pages\/65","targetHints":{"allow":["GET"]}}],"collection":[{"href":"http:\/\/sc-buervenich.de\/index.php?rest_route=\/wp\/v2\/pages"}],"about":[{"href":"http:\/\/sc-buervenich.de\/index.php?rest_route=\/wp\/v2\/types\/page"}],"author":[{"embeddable":true,"href":"http:\/\/sc-buervenich.de\/index.php?rest_route=\/wp\/v2\/users\/1"}],"replies":[{"embeddable":true,"href":"http:\/\/sc-buervenich.de\/index.php?rest_route=%2Fwp%2Fv2%2Fcomments&post=65"}],"version-history":[{"count":19,"href":"http:\/\/sc-buervenich.de\/index.php?rest_route=\/wp\/v2\/pages\/65\/revisions"}],"predecessor-version":[{"id":3578,"href":"http:\/\/sc-buervenich.de\/index.php?rest_route=\/wp\/v2\/pages\/65\/revisions\/3578"}],"up":[{"embeddable":true,"href":"http:\/\/sc-buervenich.de\/index.php?rest_route=\/wp\/v2\/pages\/59"}],"wp:featuredmedia":[{"embeddable":true,"href":"http:\/\/sc-buervenich.de\/index.php?rest_route=\/wp\/v2\/media\/72"}],"wp:attachment":[{"href":"http:\/\/sc-buervenich.de\/index.php?rest_route=%2Fwp%2Fv2%2Fmedia&parent=65"}],"curies":[{"name":"wp","href":"https:\/\/api.w.org\/{rel}","templated":true}]}}